{"id":2,"date":"2025-02-23T18:00:21","date_gmt":"2025-02-23T17:00:21","guid":{"rendered":"http:\/\/slowo-polskie.pl\/?page_id=2"},"modified":"2026-04-16T07:12:08","modified_gmt":"2026-04-16T05:12:08","slug":"page-d-exemple","status":"publish","type":"page","link":"https:\/\/slowo-polskie.pl\/index.php\/page-d-exemple\/","title":{"rendered":"O nas"},"content":{"rendered":"\r\n<p><img loading=\"lazy\" decoding=\"async\" class=\"wp-image-103 alignnone alignleft\" src=\"https:\/\/slowo-polskie.pl\/wp-content\/uploads\/2025\/02\/kogut_400-150x129.jpg\" alt=\"\" width=\"60\" height=\"52\" srcset=\"https:\/\/slowo-polskie.pl\/wp-content\/uploads\/2025\/02\/kogut_400-150x129.jpg 150w, https:\/\/slowo-polskie.pl\/wp-content\/uploads\/2025\/02\/kogut_400-280x241.jpg 280w, https:\/\/slowo-polskie.pl\/wp-content\/uploads\/2025\/02\/kogut_400.jpg 400w\" sizes=\"auto, (max-width: 60px) 100vw, 60px\" \/><strong>Wydawca:<\/strong> \u201eTyposcript\u201d Studio Wydawniczo-Typograficzne Andrzej Ploch<br \/>53-006 Wroc\u0142aw, ul. Wojszycka 15<\/p>\r\n\r\n\r\n\r\n<p><br \/><em>Zapraszamy do wsp\u00f3\u0142pracy osoby wsp\u00f3\u0142tworz\u0105ce wcze\u015bniej oblicze <span style=\"color: #800000;\">\u201eS\u0142owa Polskiego\u201d<\/span>. <br \/>Szczeg\u00f3lne miejsce jest u nas dla os\u00f3b wcze\u015bniej pisz\u0105cych do tej gazety &#8211; dla ich tekst\u00f3w <br \/>zawsze jest i b\u0119dzie miejsce na naszych \u0142amach. <br \/>Zapraszamy tak\u017ce m\u0142odych adept\u00f3w dziennikarstwa do wsp\u00f3\u0142uczestniczenia w tworzeniu <br \/>nowego oblicza tytu\u0142u <span style=\"color: #800000;\">\u201eS\u0142owo Polskie\u201d<\/span>.<\/em><\/p>\r\n<p><em><strong>Andrzej Ploch<\/strong><\/em><br \/><em>Redaktor Naczelny<br \/>Wroc\u0142aw, dnia 23 lutego 2025 roku<\/em><\/p>\r\n<hr \/>\r\n<p>Kolegium Redakcyjne:<strong><br \/>Andrzej Ploch<\/strong> &#8211; Redaktor Naczelny e-mail: typo@ploch.pl\u00a0 \u00a0kom: 606 392 311<br \/><strong>Andrzej Skupniewski<\/strong> &#8211; Sekretarz Redakcji<br \/><strong>Grzegorz Wojciechowski<\/strong> &#8211; Redaktor<br \/><a href=\"https:\/\/slowo-polskie.pl\/index.php\/category\/autorzy-publikacji\/mis-engelbert\/\"><strong>Engelbert Mi\u015b<\/strong><\/a> &#8211; Redaktor &#8211; Polska-Niemcy<br \/><strong>Rados\u0142aw Czarnecki<\/strong> &#8211; Redaktor<\/p>\r\n<p>Redakcja:<br \/><strong>Aleksa<\/strong><strong>n<\/strong><strong>dra Dankowiakowska-Korman<\/strong> &#8211; Redaktor<br \/><strong>Waldemar Nied\u017awiedzki<\/strong> &#8211; Redaktor<br \/><strong>Wojciech Zaborowski<\/strong> &#8211; Redaktor &#8211; Polska-Niemcy<br \/><strong>Janusz Skowro\u0144ski<\/strong> &#8211; Redaktor &#8211; Historia regionalna<br \/><strong>Monika Maciejczyk<\/strong> &#8211; Redaktor<br \/><strong>Wojciech Mach<\/strong> &#8211; Redaktor &#8211; Dzia\u0142 Kulturalny &#8211; Obyczaje<br \/><strong>S\u0142awomir Pigu\u0142a<\/strong> &#8211; Redaktor &#8211; Wydarzenia regionalne<br \/><strong>Krzysztof T\u0119cza<\/strong> &#8211; Redaktor &#8211; Turystyka<br \/><strong>S\u0142awomir Paw\u0142owski<\/strong> &#8211; Redaktor &#8211; korespondent<br \/><strong>Jan Drajczyk<\/strong> &#8211; Redaktor<br \/><strong>Marek Szpyra <\/strong>&#8211; Redaktor &#8211; Legnica<strong><br \/><\/strong><strong>Rados\u0142aw Czarnecki<\/strong> &#8211; Redaktor<br \/><a href=\"https:\/\/slowo-polskie.pl\/index.php\/category\/autorzy-publikacji\/deregowska-barbara\/\"><strong>Barbara Der\u0119gowska<\/strong><\/a> &#8211; Redaktor &#8211; Dzia\u0142 Zagraniczny<br \/><strong>Andrzej Podg\u00f3rski \/ \u0410\u043d\u0434\u0440\u0456\u0439 \u041f\u043e\u0434\u0433\u0443\u0440\u0441\u044c\u043a\u0438\u0439<\/strong> &#8211; Redaktor &#8211; Polska-Ukraina<br \/><strong>Iwo J\u0119drasiak &#8211; Redaktor &#8211; <\/strong>multimedia<\/p>\r\n<p>Wsp\u00f3\u0142praca<strong><br \/>Bart\u0142omiej Czeka\u0144ski &#8211; Redaktor (Bartolo)<br \/>Andrzej Sasak &#8211; <\/strong>Fotoreporter, Operator<strong><br \/>Maria Nawrot<\/strong> &#8211; Redaktor &#8211; Kultura<br \/><strong>Waldemar Brygier<\/strong> &#8211; Redaktor &#8211; Turystyka &#8211; Polska-Czechy<br \/><strong>Piotr Gaglik<\/strong> &#8211; Redaktor<br \/><strong>Jacek Seni\u00f3w<\/strong> &#8211; Redaktor<\/p>\r\n<hr \/>\r\n<p>Kolejne spotkanie Redakcji odb\u0119dzie si\u0119 we wtorek 12 maja 2026 roku o godzinie 17 w Kawiarni Kalambur we Wroc\u0142awiu przy ul. Ku\u017aniczej 29 (sala po prawej).<br \/>Zalecamy potwierdzenie udzia\u0142u w spotkaniu telefonicznie pod numerem kom: 606 392 311.<\/p>\r\n<div id=\"attachment_917\" style=\"width: 713px\" class=\"wp-caption alignnone\"><a href=\"https:\/\/slowo-polskie.pl\/wp-content\/uploads\/2025\/07\/250715_kalambur_redalcja_002.jpg\"><img loading=\"lazy\" decoding=\"async\" aria-describedby=\"caption-attachment-917\" class=\" wp-image-917\" src=\"https:\/\/slowo-polskie.pl\/wp-content\/uploads\/2025\/07\/250715_kalambur_redalcja_002.jpg\" alt=\"\" width=\"703\" height=\"396\" srcset=\"https:\/\/slowo-polskie.pl\/wp-content\/uploads\/2025\/07\/250715_kalambur_redalcja_002.jpg 1279w, https:\/\/slowo-polskie.pl\/wp-content\/uploads\/2025\/07\/250715_kalambur_redalcja_002-280x158.jpg 280w, https:\/\/slowo-polskie.pl\/wp-content\/uploads\/2025\/07\/250715_kalambur_redalcja_002-700x394.jpg 700w, https:\/\/slowo-polskie.pl\/wp-content\/uploads\/2025\/07\/250715_kalambur_redalcja_002-150x84.jpg 150w, https:\/\/slowo-polskie.pl\/wp-content\/uploads\/2025\/07\/250715_kalambur_redalcja_002-768x432.jpg 768w\" sizes=\"auto, (max-width: 703px) 100vw, 703px\" \/><\/a><p id=\"caption-attachment-917\" class=\"wp-caption-text\">Posiedzenie Redakcji go\u015bcinnie w Kalamburze 15 lipca 2025 roku.<\/p><\/div>\r\n<div id=\"attachment_1799\" style=\"width: 710px\" class=\"wp-caption alignnone\"><a href=\"https:\/\/slowo-polskie.pl\/wp-content\/uploads\/2026\/01\/260113_kalambur.jpg\"><img loading=\"lazy\" decoding=\"async\" aria-describedby=\"caption-attachment-1799\" class=\"size-large wp-image-1799\" src=\"https:\/\/slowo-polskie.pl\/wp-content\/uploads\/2026\/01\/260113_kalambur-700x424.jpg\" alt=\"\" width=\"700\" height=\"424\" srcset=\"https:\/\/slowo-polskie.pl\/wp-content\/uploads\/2026\/01\/260113_kalambur-700x424.jpg 700w, https:\/\/slowo-polskie.pl\/wp-content\/uploads\/2026\/01\/260113_kalambur-280x170.jpg 280w, https:\/\/slowo-polskie.pl\/wp-content\/uploads\/2026\/01\/260113_kalambur-150x91.jpg 150w, https:\/\/slowo-polskie.pl\/wp-content\/uploads\/2026\/01\/260113_kalambur-768x465.jpg 768w, https:\/\/slowo-polskie.pl\/wp-content\/uploads\/2026\/01\/260113_kalambur.jpg 1188w\" sizes=\"auto, (max-width: 700px) 100vw, 700px\" \/><\/a><p id=\"caption-attachment-1799\" class=\"wp-caption-text\">Posiedzenie Redakcji go\u015bcinnie w Kalamburze 13 stycznia 2026 roku.<\/p><\/div>\r\n<div id=\"attachment_2063\" style=\"width: 710px\" class=\"wp-caption alignnone\"><a href=\"https:\/\/slowo-polskie.pl\/wp-content\/uploads\/2026\/02\/260217_slowo_polskie_kalambur.jpg\"><img loading=\"lazy\" decoding=\"async\" aria-describedby=\"caption-attachment-2063\" class=\"size-large wp-image-2063\" src=\"https:\/\/slowo-polskie.pl\/wp-content\/uploads\/2026\/02\/260217_slowo_polskie_kalambur-700x365.jpg\" alt=\"\" width=\"700\" height=\"365\" srcset=\"https:\/\/slowo-polskie.pl\/wp-content\/uploads\/2026\/02\/260217_slowo_polskie_kalambur-700x365.jpg 700w, https:\/\/slowo-polskie.pl\/wp-content\/uploads\/2026\/02\/260217_slowo_polskie_kalambur-280x146.jpg 280w, https:\/\/slowo-polskie.pl\/wp-content\/uploads\/2026\/02\/260217_slowo_polskie_kalambur-150x78.jpg 150w, https:\/\/slowo-polskie.pl\/wp-content\/uploads\/2026\/02\/260217_slowo_polskie_kalambur-768x401.jpg 768w, https:\/\/slowo-polskie.pl\/wp-content\/uploads\/2026\/02\/260217_slowo_polskie_kalambur.jpg 1380w\" sizes=\"auto, (max-width: 700px) 100vw, 700px\" \/><\/a><p id=\"caption-attachment-2063\" class=\"wp-caption-text\">Posiedzenie Redakcji go\u015bcinnie w Kalamburze 17 lutego 2026 roku.<\/p><\/div>\r\n<p><span style=\"color: #800000;\"><strong>S\u0142owo Polskie<\/strong><\/span> jest tytu\u0142em prasowym, zarejestrowanym w rejestrze dziennik\u00f3w i czasopism, <br \/>prowadzonym przez S\u0105d Okr\u0119gowy we Wroc\u0142awiu, pod nr Pr 3920.<\/p>\r\n<hr \/>\r\n<p>Zg\u0142aszanie nadu\u017cy\u0107: e-mail: typo@ploch.pl<\/p>\r\n<hr \/>\r\n<p>Logo do pobrania<\/p>\r\n<p><a href=\"https:\/\/slowo-polskie.pl\/wp-content\/uploads\/2025\/02\/sp_logo_512x512.png\"><img loading=\"lazy\" decoding=\"async\" class=\"alignnone wp-image-5\" src=\"https:\/\/slowo-polskie.pl\/wp-content\/uploads\/2025\/02\/sp_logo_512x512.png\" alt=\"\" width=\"177\" height=\"177\" srcset=\"https:\/\/slowo-polskie.pl\/wp-content\/uploads\/2025\/02\/sp_logo_512x512.png 512w, https:\/\/slowo-polskie.pl\/wp-content\/uploads\/2025\/02\/sp_logo_512x512-300x300.png 300w, https:\/\/slowo-polskie.pl\/wp-content\/uploads\/2025\/02\/sp_logo_512x512-150x150.png 150w\" sizes=\"auto, (max-width: 177px) 100vw, 177px\" \/><\/a><\/p>\r\n<p><a href=\"https:\/\/slowo-polskie.pl\/wp-content\/uploads\/2025\/03\/250202_sp_logo_1linijka_white.png\"><img loading=\"lazy\" decoding=\"async\" class=\"alignnone wp-image-146 size-medium\" src=\"https:\/\/slowo-polskie.pl\/wp-content\/uploads\/2025\/03\/250202_sp_logo_1linijka_white-280x62.png\" alt=\"\" width=\"280\" height=\"62\" srcset=\"https:\/\/slowo-polskie.pl\/wp-content\/uploads\/2025\/03\/250202_sp_logo_1linijka_white-280x62.png 280w, https:\/\/slowo-polskie.pl\/wp-content\/uploads\/2025\/03\/250202_sp_logo_1linijka_white-700x155.png 700w, https:\/\/slowo-polskie.pl\/wp-content\/uploads\/2025\/03\/250202_sp_logo_1linijka_white-150x33.png 150w, https:\/\/slowo-polskie.pl\/wp-content\/uploads\/2025\/03\/250202_sp_logo_1linijka_white-768x170.png 768w, https:\/\/slowo-polskie.pl\/wp-content\/uploads\/2025\/03\/250202_sp_logo_1linijka_white.png 1257w\" sizes=\"auto, (max-width: 280px) 100vw, 280px\" \/><\/a><\/p>\r\n\r\n\r\n\r\n<p>&nbsp;<\/p>\r\n","protected":false},"excerpt":{"rendered":"<p>Wydawca: \u201eTyposcript\u201d Studio Wydawniczo-Typograficzne Andrzej Ploch53-006 Wroc\u0142aw, ul. Wojszycka 15 Zapraszamy do wsp\u00f3\u0142pracy osoby wsp\u00f3\u0142tworz\u0105ce wcze\u015bniej oblicze \u201eS\u0142owa Polskiego\u201d. Szczeg\u00f3lne miejsce jest u nas dla os\u00f3b wcze\u015bniej pisz\u0105cych do tej <span class=\"excerpt-dots\">&hellip;<\/span> <a class=\"more-link\" href=\"https:\/\/slowo-polskie.pl\/index.php\/page-d-exemple\/\"><span class=\"more-msg\">Czytaj dalej &rarr;<\/span><\/a><\/p>\n","protected":false},"author":2,"featured_media":0,"parent":0,"menu_order":0,"comment_status":"closed","ping_status":"open","template":"","meta":{"footnotes":""},"class_list":["post-2","page","type-page","status-publish","hentry"],"_links":{"self":[{"href":"https:\/\/slowo-polskie.pl\/index.php\/wp-json\/wp\/v2\/pages\/2","targetHints":{"allow":["GET"]}}],"collection":[{"href":"https:\/\/slowo-polskie.pl\/index.php\/wp-json\/wp\/v2\/pages"}],"about":[{"href":"https:\/\/slowo-polskie.pl\/index.php\/wp-json\/wp\/v2\/types\/page"}],"author":[{"embeddable":true,"href":"https:\/\/slowo-polskie.pl\/index.php\/wp-json\/wp\/v2\/users\/2"}],"replies":[{"embeddable":true,"href":"https:\/\/slowo-polskie.pl\/index.php\/wp-json\/wp\/v2\/comments?post=2"}],"version-history":[{"count":59,"href":"https:\/\/slowo-polskie.pl\/index.php\/wp-json\/wp\/v2\/pages\/2\/revisions"}],"predecessor-version":[{"id":2448,"href":"https:\/\/slowo-polskie.pl\/index.php\/wp-json\/wp\/v2\/pages\/2\/revisions\/2448"}],"wp:attachment":[{"href":"https:\/\/slowo-polskie.pl\/index.php\/wp-json\/wp\/v2\/media?parent=2"}],"curies":[{"name":"wp","href":"https:\/\/api.w.org\/{rel}","templated":true}]}}